{"id":21,"date":"2025-05-02T16:54:21","date_gmt":"2025-05-02T14:54:21","guid":{"rendered":"https:\/\/budandbricksltd.com\/?page_id=21"},"modified":"2026-04-09T14:26:44","modified_gmt":"2026-04-09T12:26:44","slug":"ph","status":"publish","type":"page","link":"https:\/\/budandbricksltd.com\/index.php\/ph\/","title":{"rendered":"PURPLE HAZE"},"content":{"rendered":"<div class=\"wp-block-image\">\n<figure class=\"aligncenter size-large\"><img loading=\"lazy\" decoding=\"async\" width=\"1024\" height=\"278\" src=\"https:\/\/budandbricksltd.com\/wp-content\/uploads\/2026\/03\/ChatGPT-Image-3-mars-2026-18_55_20-e1772560578446-1024x278.png\" alt=\"\" class=\"wp-image-1318\" srcset=\"https:\/\/budandbricksltd.com\/wp-content\/uploads\/2026\/03\/ChatGPT-Image-3-mars-2026-18_55_20-e1772560578446-1024x278.png 1024w, https:\/\/budandbricksltd.com\/wp-content\/uploads\/2026\/03\/ChatGPT-Image-3-mars-2026-18_55_20-e1772560578446-300x81.png 300w, https:\/\/budandbricksltd.com\/wp-content\/uploads\/2026\/03\/ChatGPT-Image-3-mars-2026-18_55_20-e1772560578446-768x209.png 768w, https:\/\/budandbricksltd.com\/wp-content\/uploads\/2026\/03\/ChatGPT-Image-3-mars-2026-18_55_20-e1772560578446.png 1536w\" sizes=\"auto, (max-width: 1024px) 100vw, 1024px\" \/><\/figure>\n<\/div>\n\n\n<figure class=\"wp-block-image size-large is-resized\"><img loading=\"lazy\" decoding=\"async\" width=\"1024\" height=\"1\" src=\"https:\/\/budandbricksltd.com\/wp-content\/uploads\/2026\/04\/SEPARATEUR-TEST-1024x1.jpg\" alt=\"\" class=\"wp-image-1810\" style=\"aspect-ratio:1033.8461538461538;width:20677px;height:auto\" srcset=\"https:\/\/budandbricksltd.com\/wp-content\/uploads\/2026\/04\/SEPARATEUR-TEST-1024x1.jpg 1024w, https:\/\/budandbricksltd.com\/wp-content\/uploads\/2026\/04\/SEPARATEUR-TEST-300x1.jpg 300w, https:\/\/budandbricksltd.com\/wp-content\/uploads\/2026\/04\/SEPARATEUR-TEST-150x1.jpg 150w, https:\/\/budandbricksltd.com\/wp-content\/uploads\/2026\/04\/SEPARATEUR-TEST-768x1.jpg 768w, https:\/\/budandbricksltd.com\/wp-content\/uploads\/2026\/04\/SEPARATEUR-TEST-1536x1.jpg 1536w, https:\/\/budandbricksltd.com\/wp-content\/uploads\/2026\/04\/SEPARATEUR-TEST-2048x1.jpg 2048w\" sizes=\"auto, (max-width: 1024px) 100vw, 1024px\" \/><\/figure>\n\n\n\n<hr class=\"wp-block-separator has-alpha-channel-opacity\"\/>\n\n\n\n<h4 class=\"wp-block-heading has-medium-font-size\">D\u00e9tails:<\/h4>\n\n\n\n<div class=\"wp-block-group is-content-justification-center is-nowrap is-layout-flex wp-container-core-group-is-layout-94bc23d7 wp-block-group-is-layout-flex\">\n<ul class=\"wp-block-list\">\n<li class=\"has-medium-font-size\"><strong>3 Mod\u00e8le de plante : <br>One Bud de 200 pi\u00e8ces. <\/strong><br><strong>Standard de 750 pi\u00e8ces. <\/strong><br><strong>XXL de 1500 pi\u00e8ces.  <\/strong><\/li>\n\n\n\n<li class=\"has-medium-font-size\"><strong>Pots fait mains.<\/strong><\/li>\n<\/ul>\n\n\n\n<ul class=\"wp-block-list\">\n<li class=\"has-medium-font-size\"><strong>D\u00e9tails \u201cBud compacte\u201d, effet visuel dense<\/strong><\/li>\n\n\n\n<li class=\"has-medium-font-size\"><strong>Pistils Brick&#8217;s 2 tons violet .<\/strong><\/li>\n\n\n\n<li class=\"has-medium-font-size\"><strong>Feuillage vert 3 tons.<\/strong><\/li>\n\n\n\n<li class=\"has-medium-font-size\"><strong>Patin de pot antiderapant.<\/strong><\/li>\n\n\n\n<li class=\"has-medium-font-size\"><strong>2 Type de pots au choix par plante.<br><\/strong><\/li>\n<\/ul>\n\n\n\n<ul class=\"wp-block-list\">\n<li class=\"has-medium-font-size\"><strong>Kit de brick&#8217;s en \u00e9dition limit\u00e9e. <\/strong><\/li>\n\n\n\n<li class=\"has-medium-font-size\"><strong>Num\u00e9rot\u00e9 et scell\u00e9 avec certificat.<\/strong><\/li>\n\n\n\n<li class=\"has-medium-font-size\"><strong>1001 montage alternatif<\/strong><\/li>\n\n\n\n<li class=\"has-medium-font-size\"><strong>Base support imprim\u00e9 en 3D.<\/strong><\/li>\n\n\n\n<li class=\"has-medium-font-size\"><strong>Notice de montage compl\u00e8te de 60 pages.<\/strong><\/li>\n<\/ul>\n<\/div>\n\n\n\n<hr class=\"wp-block-separator has-alpha-channel-opacity\"\/>\n\n\n\n<figure class=\"wp-block-image size-large is-resized\"><img loading=\"lazy\" decoding=\"async\" width=\"1024\" height=\"1\" src=\"https:\/\/budandbricksltd.com\/wp-content\/uploads\/2026\/04\/SEPARATEUR-TEST-1024x1.jpg\" alt=\"\" class=\"wp-image-1810\" style=\"aspect-ratio:1033.8461538461538;width:20677px;height:auto\" srcset=\"https:\/\/budandbricksltd.com\/wp-content\/uploads\/2026\/04\/SEPARATEUR-TEST-1024x1.jpg 1024w, https:\/\/budandbricksltd.com\/wp-content\/uploads\/2026\/04\/SEPARATEUR-TEST-300x1.jpg 300w, https:\/\/budandbricksltd.com\/wp-content\/uploads\/2026\/04\/SEPARATEUR-TEST-150x1.jpg 150w, https:\/\/budandbricksltd.com\/wp-content\/uploads\/2026\/04\/SEPARATEUR-TEST-768x1.jpg 768w, https:\/\/budandbricksltd.com\/wp-content\/uploads\/2026\/04\/SEPARATEUR-TEST-1536x1.jpg 1536w, https:\/\/budandbricksltd.com\/wp-content\/uploads\/2026\/04\/SEPARATEUR-TEST-2048x1.jpg 2048w\" sizes=\"auto, (max-width: 1024px) 100vw, 1024px\" \/><\/figure>\n\n\n\n<figure class=\"wp-block-gallery has-nested-images columns-default is-cropped wp-block-gallery-1 is-layout-flex wp-block-gallery-is-layout-flex\">\n<figure class=\"wp-block-image size-large\"><img loading=\"lazy\" decoding=\"async\" width=\"1024\" height=\"701\" data-id=\"689\" src=\"https:\/\/budandbricksltd.com\/wp-content\/uploads\/2025\/07\/kit-purple-head-1024x701.jpg\" alt=\"\" class=\"wp-image-689\" srcset=\"https:\/\/budandbricksltd.com\/wp-content\/uploads\/2025\/07\/kit-purple-head-1024x701.jpg 1024w, https:\/\/budandbricksltd.com\/wp-content\/uploads\/2025\/07\/kit-purple-head-300x205.jpg 300w, https:\/\/budandbricksltd.com\/wp-content\/uploads\/2025\/07\/kit-purple-head-768x526.jpg 768w, https:\/\/budandbricksltd.com\/wp-content\/uploads\/2025\/07\/kit-purple-head-1536x1051.jpg 1536w, https:\/\/budandbricksltd.com\/wp-content\/uploads\/2025\/07\/kit-purple-head-2048x1401.jpg 2048w\" sizes=\"auto, (max-width: 1024px) 100vw, 1024px\" \/><\/figure>\n\n\n\n<figure class=\"wp-block-image size-large\"><img loading=\"lazy\" decoding=\"async\" width=\"1024\" height=\"701\" data-id=\"690\" src=\"https:\/\/budandbricksltd.com\/wp-content\/uploads\/2025\/07\/KIT-skull-purple-1024x701.jpg\" alt=\"\" class=\"wp-image-690\" srcset=\"https:\/\/budandbricksltd.com\/wp-content\/uploads\/2025\/07\/KIT-skull-purple-1024x701.jpg 1024w, https:\/\/budandbricksltd.com\/wp-content\/uploads\/2025\/07\/KIT-skull-purple-300x205.jpg 300w, https:\/\/budandbricksltd.com\/wp-content\/uploads\/2025\/07\/KIT-skull-purple-768x526.jpg 768w, https:\/\/budandbricksltd.com\/wp-content\/uploads\/2025\/07\/KIT-skull-purple-1536x1051.jpg 1536w, https:\/\/budandbricksltd.com\/wp-content\/uploads\/2025\/07\/KIT-skull-purple-2048x1401.jpg 2048w\" sizes=\"auto, (max-width: 1024px) 100vw, 1024px\" \/><\/figure>\n<\/figure>\n\n\n\n<div class=\"wp-block-group is-layout-grid wp-container-core-group-is-layout-9649a0d9 wp-block-group-is-layout-grid\">\n<h4 class=\"wp-block-heading\">Kit Standard<br>750 Pi\u00e9ces<\/h4>\n\n\n\n<div class=\"wp-block-buttons wp-container-content-5f80b302 is-content-justification-left is-layout-flex wp-container-core-buttons-is-layout-fdcfc74e wp-block-buttons-is-layout-flex\">\n<div class=\"wp-block-button\"><a class=\"wp-block-button__link wp-element-button\" href=\"https:\/\/budandbricksltd.com\/index.php\/mugshot-2\/\">D\u00e9tails<\/a><\/div>\n<\/div>\n<\/div>\n\n\n\n<figure class=\"wp-block-image size-large is-resized\"><img loading=\"lazy\" decoding=\"async\" width=\"1024\" height=\"1\" src=\"https:\/\/budandbricksltd.com\/wp-content\/uploads\/2026\/04\/SEPARATEUR-TEST-1024x1.jpg\" alt=\"\" class=\"wp-image-1810\" style=\"aspect-ratio:1033.8461538461538;width:20677px;height:auto\" srcset=\"https:\/\/budandbricksltd.com\/wp-content\/uploads\/2026\/04\/SEPARATEUR-TEST-1024x1.jpg 1024w, https:\/\/budandbricksltd.com\/wp-content\/uploads\/2026\/04\/SEPARATEUR-TEST-300x1.jpg 300w, https:\/\/budandbricksltd.com\/wp-content\/uploads\/2026\/04\/SEPARATEUR-TEST-150x1.jpg 150w, https:\/\/budandbricksltd.com\/wp-content\/uploads\/2026\/04\/SEPARATEUR-TEST-768x1.jpg 768w, https:\/\/budandbricksltd.com\/wp-content\/uploads\/2026\/04\/SEPARATEUR-TEST-1536x1.jpg 1536w, https:\/\/budandbricksltd.com\/wp-content\/uploads\/2026\/04\/SEPARATEUR-TEST-2048x1.jpg 2048w\" sizes=\"auto, (max-width: 1024px) 100vw, 1024px\" \/><\/figure>\n\n\n\n<hr class=\"wp-block-separator has-alpha-channel-opacity\"\/>\n\n\n\n<p><strong>Inspiration :<\/strong><\/p>\n\n\n\n<blockquote class=\"wp-block-quote is-layout-flow wp-block-quote-is-layout-flow\">\n<p class=\"has-medium-font-size\"><strong>&#8220;Selon la l\u00e9gende, elle fut nomm\u00e9e d\u2019apr\u00e8s le morceau <em>Purple Haze<\/em> de Jimi Hendrix, mais aussi en raison de la teinte violette que prennent parfois les bud sous certaines conditions climatiques, cette vari\u00e9t\u00e9 symbolise les d\u00e9buts de cette plante dans la culture pop et psych\u00e9d\u00e9lique. Elle rend hommage \u00e0 l\u2019univers \u00e9lectrique de cette \u00e9poque.<\/strong><\/p>\n\n\n\n<p class=\"has-medium-font-size\"><strong>De dominance Sativa, elle a \u00e9t\u00e9 d\u00e9velopp\u00e9e dans les ann\u00e9es 1970 aux \u00c9tats-Unis, probablement \u00e0 partir de croisements de Haze puissantes avec des vari\u00e9t\u00e9s color\u00e9es comme la Thai ou la Colombian.&#8221;<\/strong><\/p>\n\n\n\n<hr class=\"wp-block-separator has-alpha-channel-opacity\"\/>\n\n\n\n<figure class=\"wp-block-image size-large is-resized\"><img loading=\"lazy\" decoding=\"async\" width=\"1024\" height=\"1\" src=\"https:\/\/budandbricksltd.com\/wp-content\/uploads\/2026\/04\/SEPARATEUR-TEST-1024x1.jpg\" alt=\"\" class=\"wp-image-1810\" style=\"aspect-ratio:1033.8461538461538;width:20677px;height:auto\" srcset=\"https:\/\/budandbricksltd.com\/wp-content\/uploads\/2026\/04\/SEPARATEUR-TEST-1024x1.jpg 1024w, https:\/\/budandbricksltd.com\/wp-content\/uploads\/2026\/04\/SEPARATEUR-TEST-300x1.jpg 300w, https:\/\/budandbricksltd.com\/wp-content\/uploads\/2026\/04\/SEPARATEUR-TEST-150x1.jpg 150w, https:\/\/budandbricksltd.com\/wp-content\/uploads\/2026\/04\/SEPARATEUR-TEST-768x1.jpg 768w, https:\/\/budandbricksltd.com\/wp-content\/uploads\/2026\/04\/SEPARATEUR-TEST-1536x1.jpg 1536w, https:\/\/budandbricksltd.com\/wp-content\/uploads\/2026\/04\/SEPARATEUR-TEST-2048x1.jpg 2048w\" sizes=\"auto, (max-width: 1024px) 100vw, 1024px\" \/><\/figure>\n<\/blockquote>\n\n\n\n<figure class=\"wp-block-gallery has-nested-images columns-default is-cropped wp-block-gallery-2 is-layout-flex wp-block-gallery-is-layout-flex\">\n<figure class=\"wp-block-image size-large\"><img loading=\"lazy\" decoding=\"async\" width=\"1024\" height=\"701\" data-id=\"689\" src=\"https:\/\/budandbricksltd.com\/wp-content\/uploads\/2025\/07\/kit-purple-head-1024x701.jpg\" alt=\"\" class=\"wp-image-689\" srcset=\"https:\/\/budandbricksltd.com\/wp-content\/uploads\/2025\/07\/kit-purple-head-1024x701.jpg 1024w, https:\/\/budandbricksltd.com\/wp-content\/uploads\/2025\/07\/kit-purple-head-300x205.jpg 300w, https:\/\/budandbricksltd.com\/wp-content\/uploads\/2025\/07\/kit-purple-head-768x526.jpg 768w, https:\/\/budandbricksltd.com\/wp-content\/uploads\/2025\/07\/kit-purple-head-1536x1051.jpg 1536w, https:\/\/budandbricksltd.com\/wp-content\/uploads\/2025\/07\/kit-purple-head-2048x1401.jpg 2048w\" sizes=\"auto, (max-width: 1024px) 100vw, 1024px\" \/><\/figure>\n\n\n\n<figure class=\"wp-block-image size-large\"><img loading=\"lazy\" decoding=\"async\" width=\"1024\" height=\"701\" data-id=\"689\" src=\"https:\/\/budandbricksltd.com\/wp-content\/uploads\/2025\/07\/kit-purple-head-1024x701.jpg\" alt=\"\" class=\"wp-image-689\" srcset=\"https:\/\/budandbricksltd.com\/wp-content\/uploads\/2025\/07\/kit-purple-head-1024x701.jpg 1024w, https:\/\/budandbricksltd.com\/wp-content\/uploads\/2025\/07\/kit-purple-head-300x205.jpg 300w, https:\/\/budandbricksltd.com\/wp-content\/uploads\/2025\/07\/kit-purple-head-768x526.jpg 768w, https:\/\/budandbricksltd.com\/wp-content\/uploads\/2025\/07\/kit-purple-head-1536x1051.jpg 1536w, https:\/\/budandbricksltd.com\/wp-content\/uploads\/2025\/07\/kit-purple-head-2048x1401.jpg 2048w\" sizes=\"auto, (max-width: 1024px) 100vw, 1024px\" \/><\/figure>\n<\/figure>\n\n\n\n<div class=\"wp-block-group is-layout-grid wp-container-core-group-is-layout-9649a0d9 wp-block-group-is-layout-grid\">\n<h4 class=\"wp-block-heading\">KIT ONE-BUD<br>200 Pi\u00e9ces<\/h4>\n\n\n\n<div class=\"wp-block-buttons wp-container-content-5f80b302 is-content-justification-left is-layout-flex wp-container-core-buttons-is-layout-fdcfc74e wp-block-buttons-is-layout-flex\">\n<div class=\"wp-block-button\"><a class=\"wp-block-button__link wp-element-button\" href=\"https:\/\/budandbricksltd.com\/index.php\/one-bud-2\/\">D\u00e9tails<\/a><\/div>\n<\/div>\n<\/div>\n\n\n\n<figure class=\"wp-block-image size-large is-resized\"><img loading=\"lazy\" decoding=\"async\" width=\"1024\" height=\"1\" src=\"https:\/\/budandbricksltd.com\/wp-content\/uploads\/2026\/04\/SEPARATEUR-TEST-1024x1.jpg\" alt=\"\" class=\"wp-image-1810\" style=\"aspect-ratio:1033.8461538461538;width:20677px;height:auto\" srcset=\"https:\/\/budandbricksltd.com\/wp-content\/uploads\/2026\/04\/SEPARATEUR-TEST-1024x1.jpg 1024w, https:\/\/budandbricksltd.com\/wp-content\/uploads\/2026\/04\/SEPARATEUR-TEST-300x1.jpg 300w, https:\/\/budandbricksltd.com\/wp-content\/uploads\/2026\/04\/SEPARATEUR-TEST-150x1.jpg 150w, https:\/\/budandbricksltd.com\/wp-content\/uploads\/2026\/04\/SEPARATEUR-TEST-768x1.jpg 768w, https:\/\/budandbricksltd.com\/wp-content\/uploads\/2026\/04\/SEPARATEUR-TEST-1536x1.jpg 1536w, https:\/\/budandbricksltd.com\/wp-content\/uploads\/2026\/04\/SEPARATEUR-TEST-2048x1.jpg 2048w\" sizes=\"auto, (max-width: 1024px) 100vw, 1024px\" \/><\/figure>\n\n\n<div class=\"wp-block-image\">\n<figure class=\"aligncenter size-large\"><img loading=\"lazy\" decoding=\"async\" width=\"1024\" height=\"332\" src=\"https:\/\/budandbricksltd.com\/wp-content\/uploads\/2026\/03\/image-1024x332.png\" alt=\"\" class=\"wp-image-1271\" srcset=\"https:\/\/budandbricksltd.com\/wp-content\/uploads\/2026\/03\/image-1024x332.png 1024w, https:\/\/budandbricksltd.com\/wp-content\/uploads\/2026\/03\/image-300x97.png 300w, https:\/\/budandbricksltd.com\/wp-content\/uploads\/2026\/03\/image-768x249.png 768w, https:\/\/budandbricksltd.com\/wp-content\/uploads\/2026\/03\/image.png 1534w\" sizes=\"auto, (max-width: 1024px) 100vw, 1024px\" \/><\/figure>\n<\/div>","protected":false},"excerpt":{"rendered":"<p>D\u00e9tails: Kit Standard750 Pi\u00e9ces Inspiration : KIT ONE-BUD200 Pi\u00e9ces [&hellip;]<\/p>\n","protected":false},"author":1,"featured_media":0,"parent":0,"menu_order":0,"comment_status":"closed","ping_status":"closed","template":"","meta":{"footnotes":""},"class_list":["post-21","page","type-page","status-publish","hentry"],"_links":{"self":[{"href":"https:\/\/budandbricksltd.com\/index.php\/wp-json\/wp\/v2\/pages\/21","targetHints":{"allow":["GET"]}}],"collection":[{"href":"https:\/\/budandbricksltd.com\/index.php\/wp-json\/wp\/v2\/pages"}],"about":[{"href":"https:\/\/budandbricksltd.com\/index.php\/wp-json\/wp\/v2\/types\/page"}],"author":[{"embeddable":true,"href":"https:\/\/budandbricksltd.com\/index.php\/wp-json\/wp\/v2\/users\/1"}],"replies":[{"embeddable":true,"href":"https:\/\/budandbricksltd.com\/index.php\/wp-json\/wp\/v2\/comments?post=21"}],"version-history":[{"count":62,"href":"https:\/\/budandbricksltd.com\/index.php\/wp-json\/wp\/v2\/pages\/21\/revisions"}],"predecessor-version":[{"id":1865,"href":"https:\/\/budandbricksltd.com\/index.php\/wp-json\/wp\/v2\/pages\/21\/revisions\/1865"}],"wp:attachment":[{"href":"https:\/\/budandbricksltd.com\/index.php\/wp-json\/wp\/v2\/media?parent=21"}],"curies":[{"name":"wp","href":"https:\/\/api.w.org\/{rel}","templated":true}]}}