{"id":24,"date":"2025-05-02T16:55:23","date_gmt":"2025-05-02T14:55:23","guid":{"rendered":"https:\/\/budandbricksltd.com\/?page_id=24"},"modified":"2026-04-09T14:26:19","modified_gmt":"2026-04-09T12:26:19","slug":"ob","status":"publish","type":"page","link":"https:\/\/budandbricksltd.com\/index.php\/ob\/","title":{"rendered":"ORANGE BUD"},"content":{"rendered":"<div class=\"wp-block-image\">\n<figure class=\"aligncenter size-large\"><img loading=\"lazy\" decoding=\"async\" width=\"1024\" height=\"275\" src=\"https:\/\/budandbricksltd.com\/wp-content\/uploads\/2026\/03\/ChatGPT-Image-4-mars-2026-10_15_19-e1772615914700-1024x275.png\" alt=\"\" class=\"wp-image-1340\" srcset=\"https:\/\/budandbricksltd.com\/wp-content\/uploads\/2026\/03\/ChatGPT-Image-4-mars-2026-10_15_19-e1772615914700-1024x275.png 1024w, https:\/\/budandbricksltd.com\/wp-content\/uploads\/2026\/03\/ChatGPT-Image-4-mars-2026-10_15_19-e1772615914700-300x80.png 300w, https:\/\/budandbricksltd.com\/wp-content\/uploads\/2026\/03\/ChatGPT-Image-4-mars-2026-10_15_19-e1772615914700-768x206.png 768w, https:\/\/budandbricksltd.com\/wp-content\/uploads\/2026\/03\/ChatGPT-Image-4-mars-2026-10_15_19-e1772615914700.png 1536w\" sizes=\"auto, (max-width: 1024px) 100vw, 1024px\" \/><\/figure>\n<\/div>\n\n\n<figure class=\"wp-block-image size-large is-resized\"><img loading=\"lazy\" decoding=\"async\" width=\"1024\" height=\"1\" src=\"https:\/\/budandbricksltd.com\/wp-content\/uploads\/2026\/04\/SEPARATEUR-TEST-1024x1.jpg\" alt=\"\" class=\"wp-image-1810\" style=\"aspect-ratio:1033.8461538461538;width:20677px;height:auto\" srcset=\"https:\/\/budandbricksltd.com\/wp-content\/uploads\/2026\/04\/SEPARATEUR-TEST-1024x1.jpg 1024w, https:\/\/budandbricksltd.com\/wp-content\/uploads\/2026\/04\/SEPARATEUR-TEST-300x1.jpg 300w, https:\/\/budandbricksltd.com\/wp-content\/uploads\/2026\/04\/SEPARATEUR-TEST-150x1.jpg 150w, https:\/\/budandbricksltd.com\/wp-content\/uploads\/2026\/04\/SEPARATEUR-TEST-768x1.jpg 768w, https:\/\/budandbricksltd.com\/wp-content\/uploads\/2026\/04\/SEPARATEUR-TEST-1536x1.jpg 1536w, https:\/\/budandbricksltd.com\/wp-content\/uploads\/2026\/04\/SEPARATEUR-TEST-2048x1.jpg 2048w\" sizes=\"auto, (max-width: 1024px) 100vw, 1024px\" \/><\/figure>\n\n\n\n<hr class=\"wp-block-separator has-alpha-channel-opacity\"\/>\n\n\n\n<h4 class=\"wp-block-heading has-medium-font-size\">D\u00e9tails:<\/h4>\n\n\n\n<div class=\"wp-block-group is-content-justification-center is-nowrap is-layout-flex wp-container-core-group-is-layout-94bc23d7 wp-block-group-is-layout-flex\">\n<ul class=\"wp-block-list\">\n<li class=\"has-medium-font-size\"><strong>3 Mod\u00e8le de plante : <br>One Bud de 200 pi\u00e8ces. <\/strong><br><strong>Standard de 750 pi\u00e8ces. <\/strong><br><strong>XXL de 1500 pi\u00e8ces.  <\/strong><\/li>\n\n\n\n<li class=\"has-medium-font-size\"><strong>Pots fait mains.<\/strong><\/li>\n<\/ul>\n\n\n\n<ul class=\"wp-block-list\">\n<li class=\"has-medium-font-size\"><strong>D\u00e9tails \u201cBud compacte\u201d, effet visuel dense<\/strong><\/li>\n\n\n\n<li class=\"has-medium-font-size\"><strong>Pistils Brick&#8217;s 2 tons orange .<\/strong><\/li>\n\n\n\n<li class=\"has-medium-font-size\"><strong>Feuillage vert 3 tons.<\/strong><\/li>\n\n\n\n<li class=\"has-medium-font-size\"><strong>Patin de pot antiderapant.<\/strong><\/li>\n\n\n\n<li class=\"has-medium-font-size\"><strong>2 Type de pots au choix par plante.<br><\/strong><\/li>\n<\/ul>\n\n\n\n<ul class=\"wp-block-list\">\n<li class=\"has-medium-font-size\"><strong>Kit de brick&#8217;s en \u00e9dition limit\u00e9e. <\/strong><\/li>\n\n\n\n<li class=\"has-medium-font-size\"><strong>Num\u00e9rot\u00e9 et scell\u00e9 avec certificat.<\/strong><\/li>\n\n\n\n<li class=\"has-medium-font-size\"><strong>1001 montage alternatif<\/strong><\/li>\n\n\n\n<li class=\"has-medium-font-size\"><strong>Base support imprim\u00e9 en 3D.<\/strong><\/li>\n\n\n\n<li class=\"has-medium-font-size\"><strong>Notice de montage compl\u00e8te de 60 pages.<\/strong><\/li>\n<\/ul>\n<\/div>\n\n\n\n<hr class=\"wp-block-separator has-alpha-channel-opacity\"\/>\n\n\n\n<figure class=\"wp-block-image size-large is-resized\"><img loading=\"lazy\" decoding=\"async\" width=\"1024\" height=\"1\" src=\"https:\/\/budandbricksltd.com\/wp-content\/uploads\/2026\/04\/SEPARATEUR-TEST-1024x1.jpg\" alt=\"\" class=\"wp-image-1810\" style=\"aspect-ratio:1033.8461538461538;width:20677px;height:auto\" srcset=\"https:\/\/budandbricksltd.com\/wp-content\/uploads\/2026\/04\/SEPARATEUR-TEST-1024x1.jpg 1024w, https:\/\/budandbricksltd.com\/wp-content\/uploads\/2026\/04\/SEPARATEUR-TEST-300x1.jpg 300w, https:\/\/budandbricksltd.com\/wp-content\/uploads\/2026\/04\/SEPARATEUR-TEST-150x1.jpg 150w, https:\/\/budandbricksltd.com\/wp-content\/uploads\/2026\/04\/SEPARATEUR-TEST-768x1.jpg 768w, https:\/\/budandbricksltd.com\/wp-content\/uploads\/2026\/04\/SEPARATEUR-TEST-1536x1.jpg 1536w, https:\/\/budandbricksltd.com\/wp-content\/uploads\/2026\/04\/SEPARATEUR-TEST-2048x1.jpg 2048w\" sizes=\"auto, (max-width: 1024px) 100vw, 1024px\" \/><\/figure>\n\n\n\n<figure class=\"wp-block-gallery has-nested-images columns-default is-cropped wp-block-gallery-1 is-layout-flex wp-block-gallery-is-layout-flex\">\n<figure class=\"wp-block-image size-large\"><img loading=\"lazy\" decoding=\"async\" width=\"1024\" height=\"701\" data-id=\"693\" src=\"https:\/\/budandbricksltd.com\/wp-content\/uploads\/2025\/07\/head-orange_-1024x701.jpg\" alt=\"\" class=\"wp-image-693\" srcset=\"https:\/\/budandbricksltd.com\/wp-content\/uploads\/2025\/07\/head-orange_-1024x701.jpg 1024w, https:\/\/budandbricksltd.com\/wp-content\/uploads\/2025\/07\/head-orange_-300x205.jpg 300w, https:\/\/budandbricksltd.com\/wp-content\/uploads\/2025\/07\/head-orange_-768x526.jpg 768w, https:\/\/budandbricksltd.com\/wp-content\/uploads\/2025\/07\/head-orange_-1536x1051.jpg 1536w, https:\/\/budandbricksltd.com\/wp-content\/uploads\/2025\/07\/head-orange_-2048x1401.jpg 2048w\" sizes=\"auto, (max-width: 1024px) 100vw, 1024px\" \/><\/figure>\n\n\n\n<figure class=\"wp-block-image size-large\"><img loading=\"lazy\" decoding=\"async\" width=\"1024\" height=\"701\" data-id=\"692\" src=\"https:\/\/budandbricksltd.com\/wp-content\/uploads\/2025\/07\/KIIT-skull-orange-1024x701.jpg\" alt=\"\" class=\"wp-image-692\" srcset=\"https:\/\/budandbricksltd.com\/wp-content\/uploads\/2025\/07\/KIIT-skull-orange-1024x701.jpg 1024w, https:\/\/budandbricksltd.com\/wp-content\/uploads\/2025\/07\/KIIT-skull-orange-300x205.jpg 300w, https:\/\/budandbricksltd.com\/wp-content\/uploads\/2025\/07\/KIIT-skull-orange-768x526.jpg 768w, https:\/\/budandbricksltd.com\/wp-content\/uploads\/2025\/07\/KIIT-skull-orange-1536x1051.jpg 1536w, https:\/\/budandbricksltd.com\/wp-content\/uploads\/2025\/07\/KIIT-skull-orange-2048x1401.jpg 2048w\" sizes=\"auto, (max-width: 1024px) 100vw, 1024px\" \/><\/figure>\n<\/figure>\n\n\n\n<div class=\"wp-block-group is-layout-grid wp-container-core-group-is-layout-9649a0d9 wp-block-group-is-layout-grid\">\n<h4 class=\"wp-block-heading\">Kit Standard<br>750 Pi\u00e9ces<\/h4>\n\n\n\n<div class=\"wp-block-buttons wp-container-content-5f80b302 is-content-justification-left is-layout-flex wp-container-core-buttons-is-layout-fdcfc74e wp-block-buttons-is-layout-flex\">\n<div class=\"wp-block-button\"><a class=\"wp-block-button__link wp-element-button\">D\u00e9tails<\/a><\/div>\n<\/div>\n<\/div>\n\n\n\n<figure class=\"wp-block-image size-large is-resized\"><img loading=\"lazy\" decoding=\"async\" width=\"1024\" height=\"1\" src=\"https:\/\/budandbricksltd.com\/wp-content\/uploads\/2026\/04\/SEPARATEUR-TEST-1024x1.jpg\" alt=\"\" class=\"wp-image-1810\" style=\"aspect-ratio:1033.8461538461538;width:20677px;height:auto\" srcset=\"https:\/\/budandbricksltd.com\/wp-content\/uploads\/2026\/04\/SEPARATEUR-TEST-1024x1.jpg 1024w, https:\/\/budandbricksltd.com\/wp-content\/uploads\/2026\/04\/SEPARATEUR-TEST-300x1.jpg 300w, https:\/\/budandbricksltd.com\/wp-content\/uploads\/2026\/04\/SEPARATEUR-TEST-150x1.jpg 150w, https:\/\/budandbricksltd.com\/wp-content\/uploads\/2026\/04\/SEPARATEUR-TEST-768x1.jpg 768w, https:\/\/budandbricksltd.com\/wp-content\/uploads\/2026\/04\/SEPARATEUR-TEST-1536x1.jpg 1536w, https:\/\/budandbricksltd.com\/wp-content\/uploads\/2026\/04\/SEPARATEUR-TEST-2048x1.jpg 2048w\" sizes=\"auto, (max-width: 1024px) 100vw, 1024px\" \/><\/figure>\n\n\n\n<hr class=\"wp-block-separator has-alpha-channel-opacity\"\/>\n\n\n\n<p><strong>Inspiration :<\/strong><\/p>\n\n\n\n<blockquote class=\"wp-block-quote is-layout-flow wp-block-quote-is-layout-flow\">\n<p class=\"has-medium-font-size\"><strong>&#8220;Symbole des ann\u00e9es 1980, cette vari\u00e9t\u00e9 est n\u00e9e aux Pays-Bas gr\u00e2ce \u00e0 Dutch Passion. Elle s\u00e9duit par ses couleurs vives et son parfum d\u2019agrumes. \u00c0 cette \u00e9poque, les cultivateurs europ\u00e9ens cherchaient \u00e0 stabiliser des vari\u00e9t\u00e9s douces et fruit\u00e9es.<\/strong><\/p>\n\n\n\n<p class=\"has-medium-font-size\"><strong>Orange fait r\u00e9f\u00e9rence \u00e0 la couleur vive des pistils et aux ar\u00f4mes d\u2019agrumes. Bud d\u00e9signe simplement la t\u00eate florale. Elle a \u00e9t\u00e9 l\u2019une des premi\u00e8res vari\u00e9t\u00e9s \u00e0 marier puissance et parfum fruit\u00e9, un m\u00e9lange parfait pour marquer l\u2019Europe.<\/strong><\/p>\n\n\n\n<p class=\"has-medium-font-size\"><strong>De dominance Sativa, elle est issue de g\u00e9n\u00e9tiques Skunk, s\u00e9lectionn\u00e9es pour leur parfum sucr\u00e9.&#8221;<\/strong><\/p>\n\n\n\n<hr class=\"wp-block-separator has-alpha-channel-opacity\"\/>\n\n\n\n<figure class=\"wp-block-image size-large is-resized\"><img loading=\"lazy\" decoding=\"async\" width=\"1024\" height=\"1\" src=\"https:\/\/budandbricksltd.com\/wp-content\/uploads\/2026\/04\/SEPARATEUR-TEST-1024x1.jpg\" alt=\"\" class=\"wp-image-1810\" style=\"aspect-ratio:1033.8461538461538;width:20677px;height:auto\" srcset=\"https:\/\/budandbricksltd.com\/wp-content\/uploads\/2026\/04\/SEPARATEUR-TEST-1024x1.jpg 1024w, https:\/\/budandbricksltd.com\/wp-content\/uploads\/2026\/04\/SEPARATEUR-TEST-300x1.jpg 300w, https:\/\/budandbricksltd.com\/wp-content\/uploads\/2026\/04\/SEPARATEUR-TEST-150x1.jpg 150w, https:\/\/budandbricksltd.com\/wp-content\/uploads\/2026\/04\/SEPARATEUR-TEST-768x1.jpg 768w, https:\/\/budandbricksltd.com\/wp-content\/uploads\/2026\/04\/SEPARATEUR-TEST-1536x1.jpg 1536w, https:\/\/budandbricksltd.com\/wp-content\/uploads\/2026\/04\/SEPARATEUR-TEST-2048x1.jpg 2048w\" sizes=\"auto, (max-width: 1024px) 100vw, 1024px\" \/><\/figure>\n<\/blockquote>\n\n\n\n<figure class=\"wp-block-gallery has-nested-images columns-default is-cropped wp-block-gallery-2 is-layout-flex wp-block-gallery-is-layout-flex\">\n<figure class=\"wp-block-image size-large\"><img loading=\"lazy\" decoding=\"async\" width=\"1024\" height=\"701\" data-id=\"693\" src=\"https:\/\/budandbricksltd.com\/wp-content\/uploads\/2025\/07\/head-orange_-1024x701.jpg\" alt=\"\" class=\"wp-image-693\" srcset=\"https:\/\/budandbricksltd.com\/wp-content\/uploads\/2025\/07\/head-orange_-1024x701.jpg 1024w, https:\/\/budandbricksltd.com\/wp-content\/uploads\/2025\/07\/head-orange_-300x205.jpg 300w, https:\/\/budandbricksltd.com\/wp-content\/uploads\/2025\/07\/head-orange_-768x526.jpg 768w, https:\/\/budandbricksltd.com\/wp-content\/uploads\/2025\/07\/head-orange_-1536x1051.jpg 1536w, https:\/\/budandbricksltd.com\/wp-content\/uploads\/2025\/07\/head-orange_-2048x1401.jpg 2048w\" sizes=\"auto, (max-width: 1024px) 100vw, 1024px\" \/><\/figure>\n\n\n\n<figure class=\"wp-block-image size-large\"><img loading=\"lazy\" decoding=\"async\" width=\"1024\" height=\"701\" data-id=\"693\" src=\"https:\/\/budandbricksltd.com\/wp-content\/uploads\/2025\/07\/head-orange_-1024x701.jpg\" alt=\"\" class=\"wp-image-693\" srcset=\"https:\/\/budandbricksltd.com\/wp-content\/uploads\/2025\/07\/head-orange_-1024x701.jpg 1024w, https:\/\/budandbricksltd.com\/wp-content\/uploads\/2025\/07\/head-orange_-300x205.jpg 300w, https:\/\/budandbricksltd.com\/wp-content\/uploads\/2025\/07\/head-orange_-768x526.jpg 768w, https:\/\/budandbricksltd.com\/wp-content\/uploads\/2025\/07\/head-orange_-1536x1051.jpg 1536w, https:\/\/budandbricksltd.com\/wp-content\/uploads\/2025\/07\/head-orange_-2048x1401.jpg 2048w\" sizes=\"auto, (max-width: 1024px) 100vw, 1024px\" \/><\/figure>\n<\/figure>\n\n\n\n<div class=\"wp-block-group is-layout-grid wp-container-core-group-is-layout-9649a0d9 wp-block-group-is-layout-grid\">\n<h4 class=\"wp-block-heading\">Kit One-bud<br>200 Pi\u00e9ces<\/h4>\n\n\n\n<div class=\"wp-block-buttons wp-container-content-5f80b302 is-content-justification-left is-layout-flex wp-container-core-buttons-is-layout-fdcfc74e wp-block-buttons-is-layout-flex\">\n<div class=\"wp-block-button\"><a class=\"wp-block-button__link wp-element-button\">D\u00e9tails<\/a><\/div>\n<\/div>\n<\/div>\n\n\n\n<figure class=\"wp-block-image size-large is-resized\"><img loading=\"lazy\" decoding=\"async\" width=\"1024\" height=\"1\" src=\"https:\/\/budandbricksltd.com\/wp-content\/uploads\/2026\/04\/SEPARATEUR-TEST-1024x1.jpg\" alt=\"\" class=\"wp-image-1810\" style=\"aspect-ratio:1033.8461538461538;width:20677px;height:auto\" srcset=\"https:\/\/budandbricksltd.com\/wp-content\/uploads\/2026\/04\/SEPARATEUR-TEST-1024x1.jpg 1024w, https:\/\/budandbricksltd.com\/wp-content\/uploads\/2026\/04\/SEPARATEUR-TEST-300x1.jpg 300w, https:\/\/budandbricksltd.com\/wp-content\/uploads\/2026\/04\/SEPARATEUR-TEST-150x1.jpg 150w, https:\/\/budandbricksltd.com\/wp-content\/uploads\/2026\/04\/SEPARATEUR-TEST-768x1.jpg 768w, https:\/\/budandbricksltd.com\/wp-content\/uploads\/2026\/04\/SEPARATEUR-TEST-1536x1.jpg 1536w, https:\/\/budandbricksltd.com\/wp-content\/uploads\/2026\/04\/SEPARATEUR-TEST-2048x1.jpg 2048w\" sizes=\"auto, (max-width: 1024px) 100vw, 1024px\" \/><\/figure>\n\n\n<div class=\"wp-block-image\">\n<figure class=\"aligncenter size-large\"><img loading=\"lazy\" decoding=\"async\" width=\"1024\" height=\"332\" src=\"https:\/\/budandbricksltd.com\/wp-content\/uploads\/2026\/03\/image-1024x332.png\" alt=\"\" class=\"wp-image-1271\" srcset=\"https:\/\/budandbricksltd.com\/wp-content\/uploads\/2026\/03\/image-1024x332.png 1024w, https:\/\/budandbricksltd.com\/wp-content\/uploads\/2026\/03\/image-300x97.png 300w, https:\/\/budandbricksltd.com\/wp-content\/uploads\/2026\/03\/image-768x249.png 768w, https:\/\/budandbricksltd.com\/wp-content\/uploads\/2026\/03\/image.png 1534w\" sizes=\"auto, (max-width: 1024px) 100vw, 1024px\" \/><\/figure>\n<\/div>","protected":false},"excerpt":{"rendered":"<p>D\u00e9tails: Kit Standard750 Pi\u00e9ces Inspiration : Kit One-bud200 Pi\u00e9ces [&hellip;]<\/p>\n","protected":false},"author":1,"featured_media":0,"parent":0,"menu_order":0,"comment_status":"closed","ping_status":"closed","template":"","meta":{"footnotes":""},"class_list":["post-24","page","type-page","status-publish","hentry"],"_links":{"self":[{"href":"https:\/\/budandbricksltd.com\/index.php\/wp-json\/wp\/v2\/pages\/24","targetHints":{"allow":["GET"]}}],"collection":[{"href":"https:\/\/budandbricksltd.com\/index.php\/wp-json\/wp\/v2\/pages"}],"about":[{"href":"https:\/\/budandbricksltd.com\/index.php\/wp-json\/wp\/v2\/types\/page"}],"author":[{"embeddable":true,"href":"https:\/\/budandbricksltd.com\/index.php\/wp-json\/wp\/v2\/users\/1"}],"replies":[{"embeddable":true,"href":"https:\/\/budandbricksltd.com\/index.php\/wp-json\/wp\/v2\/comments?post=24"}],"version-history":[{"count":78,"href":"https:\/\/budandbricksltd.com\/index.php\/wp-json\/wp\/v2\/pages\/24\/revisions"}],"predecessor-version":[{"id":1864,"href":"https:\/\/budandbricksltd.com\/index.php\/wp-json\/wp\/v2\/pages\/24\/revisions\/1864"}],"wp:attachment":[{"href":"https:\/\/budandbricksltd.com\/index.php\/wp-json\/wp\/v2\/media?parent=24"}],"curies":[{"name":"wp","href":"https:\/\/api.w.org\/{rel}","templated":true}]}}