{"id":27,"date":"2025-05-02T16:56:32","date_gmt":"2025-05-02T14:56:32","guid":{"rendered":"https:\/\/budandbricksltd.com\/?page_id=27"},"modified":"2026-04-10T22:22:01","modified_gmt":"2026-04-10T20:22:01","slug":"super-skunk","status":"publish","type":"page","link":"https:\/\/budandbricksltd.com\/index.php\/super-skunk\/","title":{"rendered":"SUPER SKUNK"},"content":{"rendered":"<div class=\"wp-block-image\">\n<figure class=\"aligncenter size-large\"><img loading=\"lazy\" decoding=\"async\" width=\"1024\" height=\"263\" src=\"https:\/\/budandbricksltd.com\/wp-content\/uploads\/2026\/04\/ChatGPT-Image-7-avr.-2026-15_37_48-e1775632672854-1024x263.png\" alt=\"\" class=\"wp-image-1616\" srcset=\"https:\/\/budandbricksltd.com\/wp-content\/uploads\/2026\/04\/ChatGPT-Image-7-avr.-2026-15_37_48-e1775632672854-1024x263.png 1024w, https:\/\/budandbricksltd.com\/wp-content\/uploads\/2026\/04\/ChatGPT-Image-7-avr.-2026-15_37_48-e1775632672854-300x77.png 300w, https:\/\/budandbricksltd.com\/wp-content\/uploads\/2026\/04\/ChatGPT-Image-7-avr.-2026-15_37_48-e1775632672854-768x197.png 768w, https:\/\/budandbricksltd.com\/wp-content\/uploads\/2026\/04\/ChatGPT-Image-7-avr.-2026-15_37_48-e1775632672854.png 1536w\" sizes=\"auto, (max-width: 1024px) 100vw, 1024px\" \/><\/figure>\n<\/div>\n\n\n<figure class=\"wp-block-image size-large is-resized\"><img loading=\"lazy\" decoding=\"async\" width=\"1024\" height=\"1\" src=\"https:\/\/budandbricksltd.com\/wp-content\/uploads\/2026\/04\/SEPARATEUR-TEST-1024x1.jpg\" alt=\"\" class=\"wp-image-1810\" style=\"aspect-ratio:1033.8461538461538;width:20677px;height:auto\" srcset=\"https:\/\/budandbricksltd.com\/wp-content\/uploads\/2026\/04\/SEPARATEUR-TEST-1024x1.jpg 1024w, https:\/\/budandbricksltd.com\/wp-content\/uploads\/2026\/04\/SEPARATEUR-TEST-300x1.jpg 300w, https:\/\/budandbricksltd.com\/wp-content\/uploads\/2026\/04\/SEPARATEUR-TEST-150x1.jpg 150w, https:\/\/budandbricksltd.com\/wp-content\/uploads\/2026\/04\/SEPARATEUR-TEST-768x1.jpg 768w, https:\/\/budandbricksltd.com\/wp-content\/uploads\/2026\/04\/SEPARATEUR-TEST-1536x1.jpg 1536w, https:\/\/budandbricksltd.com\/wp-content\/uploads\/2026\/04\/SEPARATEUR-TEST-2048x1.jpg 2048w\" sizes=\"auto, (max-width: 1024px) 100vw, 1024px\" \/><\/figure>\n\n\n\n<hr class=\"wp-block-separator has-alpha-channel-opacity\"\/>\n\n\n\n<h4 class=\"wp-block-heading has-medium-font-size\">D\u00e9tails:<\/h4>\n\n\n\n<div class=\"wp-block-group is-content-justification-center is-nowrap is-layout-flex wp-container-core-group-is-layout-94bc23d7 wp-block-group-is-layout-flex\">\n<ul class=\"wp-block-list\">\n<li class=\"has-medium-font-size\"><strong>3 Mod\u00e8le de plante : <br>One Bud de 200 pi\u00e8ces. <\/strong><br><strong>Standard de 750 pi\u00e8ces. <\/strong><br><strong>XXL de 1500 pi\u00e8ces.  <\/strong><\/li>\n\n\n\n<li class=\"has-medium-font-size\"><strong>Pots fait mains.<\/strong><\/li>\n<\/ul>\n\n\n\n<ul class=\"wp-block-list\">\n<li class=\"has-medium-font-size\"><strong>D\u00e9tails \u201cBud compacte\u201d, effet visuel dense<\/strong><\/li>\n\n\n\n<li class=\"has-medium-font-size\"><strong>Pistils Brick&#8217;s 2 tons transparent .<\/strong><\/li>\n\n\n\n<li class=\"has-medium-font-size\"><strong>Feuillage vert 3 tons.<\/strong><\/li>\n\n\n\n<li class=\"has-medium-font-size\"><strong>Patin de pot antiderapant.<\/strong><\/li>\n\n\n\n<li class=\"has-medium-font-size\"><strong>2 Type de pots au choix.<br><\/strong><\/li>\n<\/ul>\n\n\n\n<ul class=\"wp-block-list\">\n<li class=\"has-medium-font-size\"><strong>Kit de brick&#8217;s en \u00e9dition limit\u00e9e. <\/strong><\/li>\n\n\n\n<li class=\"has-medium-font-size\"><strong>Num\u00e9rot\u00e9 et scell\u00e9 avec certificat.<\/strong><\/li>\n\n\n\n<li class=\"has-medium-font-size\"><strong>1001 montage alternatif<\/strong><\/li>\n\n\n\n<li class=\"has-medium-font-size\"><strong>Base support imprim\u00e9 en 3D.<\/strong><\/li>\n\n\n\n<li class=\"has-medium-font-size\"><strong>Notice de montage compl\u00e8te de 60 pages.<\/strong><\/li>\n<\/ul>\n<\/div>\n\n\n\n<hr class=\"wp-block-separator has-alpha-channel-opacity\"\/>\n\n\n\n<figure class=\"wp-block-image size-large is-resized\"><img loading=\"lazy\" decoding=\"async\" width=\"1024\" height=\"1\" src=\"https:\/\/budandbricksltd.com\/wp-content\/uploads\/2026\/04\/SEPARATEUR-TEST-1024x1.jpg\" alt=\"\" class=\"wp-image-1810\" style=\"aspect-ratio:1033.8461538461538;width:20677px;height:auto\" srcset=\"https:\/\/budandbricksltd.com\/wp-content\/uploads\/2026\/04\/SEPARATEUR-TEST-1024x1.jpg 1024w, https:\/\/budandbricksltd.com\/wp-content\/uploads\/2026\/04\/SEPARATEUR-TEST-300x1.jpg 300w, https:\/\/budandbricksltd.com\/wp-content\/uploads\/2026\/04\/SEPARATEUR-TEST-150x1.jpg 150w, https:\/\/budandbricksltd.com\/wp-content\/uploads\/2026\/04\/SEPARATEUR-TEST-768x1.jpg 768w, https:\/\/budandbricksltd.com\/wp-content\/uploads\/2026\/04\/SEPARATEUR-TEST-1536x1.jpg 1536w, https:\/\/budandbricksltd.com\/wp-content\/uploads\/2026\/04\/SEPARATEUR-TEST-2048x1.jpg 2048w\" sizes=\"auto, (max-width: 1024px) 100vw, 1024px\" \/><\/figure>\n\n\n\n<figure class=\"wp-block-gallery has-nested-images columns-default is-cropped wp-block-gallery-1 is-layout-flex wp-block-gallery-is-layout-flex\">\n<figure class=\"wp-block-image size-large\"><img loading=\"lazy\" decoding=\"async\" width=\"1024\" height=\"701\" data-id=\"702\" src=\"https:\/\/budandbricksltd.com\/wp-content\/uploads\/2025\/07\/head-skunk-1024x701.jpg\" alt=\"\" class=\"wp-image-702\" srcset=\"https:\/\/budandbricksltd.com\/wp-content\/uploads\/2025\/07\/head-skunk-1024x701.jpg 1024w, https:\/\/budandbricksltd.com\/wp-content\/uploads\/2025\/07\/head-skunk-300x205.jpg 300w, https:\/\/budandbricksltd.com\/wp-content\/uploads\/2025\/07\/head-skunk-768x526.jpg 768w, https:\/\/budandbricksltd.com\/wp-content\/uploads\/2025\/07\/head-skunk-1536x1051.jpg 1536w, https:\/\/budandbricksltd.com\/wp-content\/uploads\/2025\/07\/head-skunk-2048x1401.jpg 2048w\" sizes=\"auto, (max-width: 1024px) 100vw, 1024px\" \/><\/figure>\n\n\n\n<figure class=\"wp-block-image size-large\"><img loading=\"lazy\" decoding=\"async\" width=\"1024\" height=\"720\" data-id=\"704\" src=\"https:\/\/budandbricksltd.com\/wp-content\/uploads\/2025\/07\/kit-skull-skunk-1024x720.jpg\" alt=\"\" class=\"wp-image-704\" srcset=\"https:\/\/budandbricksltd.com\/wp-content\/uploads\/2025\/07\/kit-skull-skunk-1024x720.jpg 1024w, https:\/\/budandbricksltd.com\/wp-content\/uploads\/2025\/07\/kit-skull-skunk-300x211.jpg 300w, https:\/\/budandbricksltd.com\/wp-content\/uploads\/2025\/07\/kit-skull-skunk-768x540.jpg 768w, https:\/\/budandbricksltd.com\/wp-content\/uploads\/2025\/07\/kit-skull-skunk-1536x1080.jpg 1536w, https:\/\/budandbricksltd.com\/wp-content\/uploads\/2025\/07\/kit-skull-skunk-2048x1440.jpg 2048w\" sizes=\"auto, (max-width: 1024px) 100vw, 1024px\" \/><\/figure>\n<\/figure>\n\n\n\n<div class=\"wp-block-group is-layout-grid wp-container-core-group-is-layout-9649a0d9 wp-block-group-is-layout-grid\">\n<h4 class=\"wp-block-heading wp-container-content-69bc4bdf\">Kit Standard<br>750 Pi\u00e9ces<\/h4>\n\n\n\n<div class=\"wp-block-buttons wp-container-content-5f80b302 is-content-justification-left is-layout-flex wp-container-core-buttons-is-layout-fdcfc74e wp-block-buttons-is-layout-flex\">\n<div class=\"wp-block-button\"><a class=\"wp-block-button__link wp-element-button\">D\u00e9tails<\/a><\/div>\n<\/div>\n<\/div>\n\n\n\n<figure class=\"wp-block-image size-large is-resized\"><img loading=\"lazy\" decoding=\"async\" width=\"1024\" height=\"1\" src=\"https:\/\/budandbricksltd.com\/wp-content\/uploads\/2026\/04\/SEPARATEUR-TEST-1024x1.jpg\" alt=\"\" class=\"wp-image-1810\" style=\"aspect-ratio:1033.8461538461538;width:20677px;height:auto\" srcset=\"https:\/\/budandbricksltd.com\/wp-content\/uploads\/2026\/04\/SEPARATEUR-TEST-1024x1.jpg 1024w, https:\/\/budandbricksltd.com\/wp-content\/uploads\/2026\/04\/SEPARATEUR-TEST-300x1.jpg 300w, https:\/\/budandbricksltd.com\/wp-content\/uploads\/2026\/04\/SEPARATEUR-TEST-150x1.jpg 150w, https:\/\/budandbricksltd.com\/wp-content\/uploads\/2026\/04\/SEPARATEUR-TEST-768x1.jpg 768w, https:\/\/budandbricksltd.com\/wp-content\/uploads\/2026\/04\/SEPARATEUR-TEST-1536x1.jpg 1536w, https:\/\/budandbricksltd.com\/wp-content\/uploads\/2026\/04\/SEPARATEUR-TEST-2048x1.jpg 2048w\" sizes=\"auto, (max-width: 1024px) 100vw, 1024px\" \/><\/figure>\n\n\n\n<hr class=\"wp-block-separator has-alpha-channel-opacity\"\/>\n\n\n\n<p><strong>Inspiration :<\/strong><\/p>\n\n\n\n<blockquote class=\"wp-block-quote is-layout-flow wp-block-quote-is-layout-flow\">\n<p class=\"has-medium-font-size\"><strong>&#8220;Am\u00e9lioration muscl\u00e9e de la l\u00e9gendaire Skunk #1, cette vari\u00e9t\u00e9 lanc\u00e9e par Sensi Seeds dans les ann\u00e9es 1990 a red\u00e9fini le concept m\u00eame de puissance. Le nom \u00ab Skunk \u00bb, qui signifie litt\u00e9ralement <em>moufette<\/em> en anglais, fait r\u00e9f\u00e9rence \u00e0 une famille de vari\u00e9t\u00e9s particuli\u00e8rement odorantes.<\/strong><\/p>\n\n\n\n<p class=\"has-medium-font-size\"><strong>Brute, intense et imm\u00e9diatement reconnaissable, la Super Skunk a \u00e9t\u00e9 con\u00e7ue pour frapper fort, tant par son effet que par son ar\u00f4me. Son nom et son odeur inoubliable ont marqu\u00e9 des g\u00e9n\u00e9rations de connaisseurs. De dominance Indica, elle est le fruit d\u2019un croisement entre Skunk #1 et une vari\u00e9t\u00e9 Afghani.&#8221;<\/strong><\/p>\n\n\n\n<hr class=\"wp-block-separator has-alpha-channel-opacity\"\/>\n\n\n\n<figure class=\"wp-block-image size-large is-resized\"><img loading=\"lazy\" decoding=\"async\" width=\"1024\" height=\"1\" src=\"https:\/\/budandbricksltd.com\/wp-content\/uploads\/2026\/04\/SEPARATEUR-TEST-1024x1.jpg\" alt=\"\" class=\"wp-image-1810\" style=\"aspect-ratio:1033.8461538461538;width:20677px;height:auto\" srcset=\"https:\/\/budandbricksltd.com\/wp-content\/uploads\/2026\/04\/SEPARATEUR-TEST-1024x1.jpg 1024w, https:\/\/budandbricksltd.com\/wp-content\/uploads\/2026\/04\/SEPARATEUR-TEST-300x1.jpg 300w, https:\/\/budandbricksltd.com\/wp-content\/uploads\/2026\/04\/SEPARATEUR-TEST-150x1.jpg 150w, https:\/\/budandbricksltd.com\/wp-content\/uploads\/2026\/04\/SEPARATEUR-TEST-768x1.jpg 768w, https:\/\/budandbricksltd.com\/wp-content\/uploads\/2026\/04\/SEPARATEUR-TEST-1536x1.jpg 1536w, https:\/\/budandbricksltd.com\/wp-content\/uploads\/2026\/04\/SEPARATEUR-TEST-2048x1.jpg 2048w\" sizes=\"auto, (max-width: 1024px) 100vw, 1024px\" \/><\/figure>\n<\/blockquote>\n\n\n\n<figure class=\"wp-block-gallery has-nested-images columns-default is-cropped wp-block-gallery-2 is-layout-flex wp-block-gallery-is-layout-flex\">\n<figure class=\"wp-block-image size-large\"><img loading=\"lazy\" decoding=\"async\" width=\"1024\" height=\"701\" data-id=\"702\" src=\"https:\/\/budandbricksltd.com\/wp-content\/uploads\/2025\/07\/head-skunk-1024x701.jpg\" alt=\"\" class=\"wp-image-702\" srcset=\"https:\/\/budandbricksltd.com\/wp-content\/uploads\/2025\/07\/head-skunk-1024x701.jpg 1024w, https:\/\/budandbricksltd.com\/wp-content\/uploads\/2025\/07\/head-skunk-300x205.jpg 300w, https:\/\/budandbricksltd.com\/wp-content\/uploads\/2025\/07\/head-skunk-768x526.jpg 768w, https:\/\/budandbricksltd.com\/wp-content\/uploads\/2025\/07\/head-skunk-1536x1051.jpg 1536w, https:\/\/budandbricksltd.com\/wp-content\/uploads\/2025\/07\/head-skunk-2048x1401.jpg 2048w\" sizes=\"auto, (max-width: 1024px) 100vw, 1024px\" \/><\/figure>\n\n\n\n<figure class=\"wp-block-image size-large\"><img loading=\"lazy\" decoding=\"async\" width=\"1024\" height=\"701\" data-id=\"702\" src=\"https:\/\/budandbricksltd.com\/wp-content\/uploads\/2025\/07\/head-skunk-1024x701.jpg\" alt=\"\" class=\"wp-image-702\" srcset=\"https:\/\/budandbricksltd.com\/wp-content\/uploads\/2025\/07\/head-skunk-1024x701.jpg 1024w, https:\/\/budandbricksltd.com\/wp-content\/uploads\/2025\/07\/head-skunk-300x205.jpg 300w, https:\/\/budandbricksltd.com\/wp-content\/uploads\/2025\/07\/head-skunk-768x526.jpg 768w, https:\/\/budandbricksltd.com\/wp-content\/uploads\/2025\/07\/head-skunk-1536x1051.jpg 1536w, https:\/\/budandbricksltd.com\/wp-content\/uploads\/2025\/07\/head-skunk-2048x1401.jpg 2048w\" sizes=\"auto, (max-width: 1024px) 100vw, 1024px\" \/><\/figure>\n<\/figure>\n\n\n\n<div class=\"wp-block-group is-layout-grid wp-container-core-group-is-layout-9649a0d9 wp-block-group-is-layout-grid\">\n<h4 class=\"wp-block-heading\">Kit One-Bud<br>200 Pi\u00e9ces<\/h4>\n\n\n\n<div class=\"wp-block-buttons wp-container-content-5f80b302 is-content-justification-left is-layout-flex wp-container-core-buttons-is-layout-fdcfc74e wp-block-buttons-is-layout-flex\">\n<div class=\"wp-block-button\"><a class=\"wp-block-button__link wp-element-button\">D\u00e9tails<\/a><\/div>\n<\/div>\n<\/div>\n\n\n\n<figure class=\"wp-block-image size-large is-resized\"><img loading=\"lazy\" decoding=\"async\" width=\"1024\" height=\"1\" src=\"https:\/\/budandbricksltd.com\/wp-content\/uploads\/2026\/04\/SEPARATEUR-TEST-1024x1.jpg\" alt=\"\" class=\"wp-image-1810\" style=\"aspect-ratio:1033.8461538461538;width:20677px;height:auto\" srcset=\"https:\/\/budandbricksltd.com\/wp-content\/uploads\/2026\/04\/SEPARATEUR-TEST-1024x1.jpg 1024w, https:\/\/budandbricksltd.com\/wp-content\/uploads\/2026\/04\/SEPARATEUR-TEST-300x1.jpg 300w, https:\/\/budandbricksltd.com\/wp-content\/uploads\/2026\/04\/SEPARATEUR-TEST-150x1.jpg 150w, https:\/\/budandbricksltd.com\/wp-content\/uploads\/2026\/04\/SEPARATEUR-TEST-768x1.jpg 768w, https:\/\/budandbricksltd.com\/wp-content\/uploads\/2026\/04\/SEPARATEUR-TEST-1536x1.jpg 1536w, https:\/\/budandbricksltd.com\/wp-content\/uploads\/2026\/04\/SEPARATEUR-TEST-2048x1.jpg 2048w\" sizes=\"auto, (max-width: 1024px) 100vw, 1024px\" \/><\/figure>\n\n\n<div class=\"wp-block-image\">\n<figure class=\"aligncenter size-large\"><img loading=\"lazy\" decoding=\"async\" width=\"1024\" height=\"332\" src=\"https:\/\/budandbricksltd.com\/wp-content\/uploads\/2026\/03\/image-1024x332.png\" alt=\"\" class=\"wp-image-1271\" srcset=\"https:\/\/budandbricksltd.com\/wp-content\/uploads\/2026\/03\/image-1024x332.png 1024w, https:\/\/budandbricksltd.com\/wp-content\/uploads\/2026\/03\/image-300x97.png 300w, https:\/\/budandbricksltd.com\/wp-content\/uploads\/2026\/03\/image-768x249.png 768w, https:\/\/budandbricksltd.com\/wp-content\/uploads\/2026\/03\/image.png 1534w\" sizes=\"auto, (max-width: 1024px) 100vw, 1024px\" \/><\/figure>\n<\/div>","protected":false},"excerpt":{"rendered":"<p>D\u00e9tails: Kit Standard750 Pi\u00e9ces Inspiration : Kit One-Bud200 Pi\u00e9ces [&hellip;]<\/p>\n","protected":false},"author":1,"featured_media":0,"parent":0,"menu_order":0,"comment_status":"closed","ping_status":"closed","template":"","meta":{"footnotes":""},"class_list":["post-27","page","type-page","status-publish","hentry"],"_links":{"self":[{"href":"https:\/\/budandbricksltd.com\/index.php\/wp-json\/wp\/v2\/pages\/27","targetHints":{"allow":["GET"]}}],"collection":[{"href":"https:\/\/budandbricksltd.com\/index.php\/wp-json\/wp\/v2\/pages"}],"about":[{"href":"https:\/\/budandbricksltd.com\/index.php\/wp-json\/wp\/v2\/types\/page"}],"author":[{"embeddable":true,"href":"https:\/\/budandbricksltd.com\/index.php\/wp-json\/wp\/v2\/users\/1"}],"replies":[{"embeddable":true,"href":"https:\/\/budandbricksltd.com\/index.php\/wp-json\/wp\/v2\/comments?post=27"}],"version-history":[{"count":119,"href":"https:\/\/budandbricksltd.com\/index.php\/wp-json\/wp\/v2\/pages\/27\/revisions"}],"predecessor-version":[{"id":1927,"href":"https:\/\/budandbricksltd.com\/index.php\/wp-json\/wp\/v2\/pages\/27\/revisions\/1927"}],"wp:attachment":[{"href":"https:\/\/budandbricksltd.com\/index.php\/wp-json\/wp\/v2\/media?parent=27"}],"curies":[{"name":"wp","href":"https:\/\/api.w.org\/{rel}","templated":true}]}}